{"id":360,"date":"2021-04-20T20:31:13","date_gmt":"2021-04-20T19:31:13","guid":{"rendered":"https:\/\/bonelle.it\/our-story\/"},"modified":"2022-05-16T15:54:15","modified_gmt":"2022-05-16T13:54:15","slug":"our-story","status":"publish","type":"page","link":"https:\/\/www.bonelle.it\/en\/our-story\/","title":{"rendered":"Our Story"},"content":{"rendered":"<div class=\"fusion-fullwidth fullwidth-box fusion-builder-row-1 fusion-flex-container hundred-percent-fullwidth non-hundred-percent-height-scrolling\" style=\"--awb-border-radius-top-left:0px;--awb-border-radius-top-right:0px;--awb-border-radius-bottom-right:0px;--awb-border-radius-bottom-left:0px;--awb-padding-top:0px;--awb-padding-right:0px;--awb-padding-bottom:0px;--awb-padding-left:0px;--awb-flex-wrap:wrap;\" ><div class=\"fusion-builder-row fusion-row fusion-flex-align-items-flex-start fusion-flex-content-wrap\" style=\"width:104% !important;max-width:104% !important;margin-left: calc(-4% \/ 2 );margin-right: calc(-4% \/ 2 );\"><div class=\"fusion-layout-column fusion_builder_column fusion-builder-column-0 fusion_builder_column_1_1 1_1 fusion-flex-column\" style=\"--awb-bg-size:cover;--awb-width-large:100%;--awb-margin-top-large:0px;--awb-spacing-right-large:1.92%;--awb-margin-bottom-large:20px;--awb-spacing-left-large:1.92%;--awb-width-medium:100%;--awb-order-medium:0;--awb-spacing-right-medium:1.92%;--awb-spacing-left-medium:1.92%;--awb-width-small:100%;--awb-order-small:0;--awb-spacing-right-small:1.92%;--awb-spacing-left-small:1.92%;\"><div class=\"fusion-column-wrapper fusion-column-has-shadow fusion-flex-justify-content-flex-start fusion-content-layout-column\"><div class=\"storia\">\r\n\r\n    <div class=\"hero section\">\r\n\r\n        <div class=\"bg-image\">\r\n\r\n            <picture>\r\n                <!--[if IE 9]><video style=\"display: none;\"><![endif]-->\r\n                <source srcset=\"\/wp-content\/uploads\/2021\/04\/slider-storia.jpg\" media=\"all and (min-width: 767px)\" type=\"image\/jpeg\">\r\n                <source srcset=\"\/wp-content\/uploads\/2021\/04\/slider-storia-mobile.jpg\" media=\"all and (max-width: 767px)\" type=\"image\/jpeg\">\r\n                <!--[if IE 9]><\/video><![endif]-->\r\n                <img decoding=\"async\" src=\"\/wp-content\/uploads\/2021\/04\/slider-storia.jpg\">\r\n            <\/picture>\r\n\r\n        <\/div>\r\n\r\n        <div class=\"info\">\r\n\r\n            <div class=\"title\">\r\n                <span>La storia<\/span>\r\n            <\/div>\r\n            <div class=\"text\"><p>Golose, divertenti e colorate, le Bonelle sono le gelatine di frutta pi\u00f9 irresistibili di tutte!<\/p>\r\n\r\n<p>Scopri la storia delle caramelle Buone e Belle.<\/p>\r\n<\/div>\r\n\r\n        <\/div>\r\n\r\n        <button class=\"start scroll-down\">\r\n            <span>Esplora<\/span>\r\n        <\/button>\r\n    <\/div>\r\n    <div id=\"main_content\"><\/div>\r\n    <div class=\"section-list\">\r\n\r\n            <div class=\"story-section pos-dx\" style=\"z-index: 9;\">\r\n\r\n    <div class=\"path-top\"><\/div>\r\n    <div class=\"path-bottom\"><\/div>\r\n\r\n    <div class=\"container\">\r\n\r\n        <div class=\"image\">\r\n\r\n            <div class=\"img\">\r\n                <img decoding=\"async\" src=\"\/wp-content\/uploads\/2021\/04\/step-1_2.png\" alt=\"\">\r\n            <\/div>\r\n\r\n        <\/div>\r\n        <div class=\"year\">\r\n            <span>1973 <\/span>\r\n        <\/div>\r\n        <div class=\"desc\">\r\n\r\n            <div class=\"info\">\r\n\r\n                <div class=\"title\">\r\n                    NASCONO LE BONELLE                <\/div>\r\n                <div class=\"text\">\r\n                    Tra le colline astigiane, nascono le gelatine ai gusti di frutta prodotte artigianalmente da un imprenditore lungimirante. Le Buone e Belle gel\u00e9es che conosceremo con il Brand Bonelle\u2026                <\/div>\r\n\r\n            <\/div>\r\n\r\n        <\/div>\r\n\r\n    <\/div>\r\n\r\n<\/div>    <div class=\"story-section pos-sx\" style=\"z-index: 8;\">\r\n\r\n    <div class=\"path-top\"><\/div>\r\n    <div class=\"path-bottom\"><\/div>\r\n\r\n    <div class=\"container\">\r\n\r\n        <div class=\"image\">\r\n\r\n            <div class=\"img\">\r\n                <img decoding=\"async\" src=\"\/wp-content\/uploads\/2021\/04\/step-2_1.png\" alt=\"\">\r\n            <\/div>\r\n\r\n        <\/div>\r\n        <div class=\"year\">\r\n            <span>1980 <br>1989<\/span>\r\n        <\/div>\r\n        <div class=\"desc\">\r\n\r\n            <div class=\"info\">\r\n\r\n                <div class=\"title\">\r\n                    UN MARCHIO NUOVO                <\/div>\r\n                <div class=\"text\">\r\n                    Viene registrato il marchio Bonelle gel\u00e9es. Nel tempo diventer\u00e0 sinonimo di morbide caramelle gel\u00e9es.                <\/div>\r\n\r\n            <\/div>\r\n\r\n        <\/div>\r\n\r\n\r\n    <\/div>\r\n\r\n<\/div>    <div class=\"story-section pos-dx\" style=\"z-index: 7;\">\r\n\r\n    <div class=\"path-top\"><\/div>\r\n    <div class=\"path-bottom\"><\/div>\r\n\r\n    <div class=\"container\">\r\n\r\n        <div class=\"image\">\r\n\r\n            <div class=\"img\">\r\n                <img decoding=\"async\" src=\"\/wp-content\/uploads\/2021\/04\/step-3_1.png\" alt=\"\">\r\n            <\/div>\r\n\r\n        <\/div>\r\n        <div class=\"year\">\r\n            <span>1990<br>1999<\/span>\r\n        <\/div>\r\n        <div class=\"desc\">\r\n\r\n            <div class=\"info\">\r\n\r\n                <div class=\"title\">\r\n                    AMATE IN TUTTA ITALIA                 <\/div>\r\n                <div class=\"text\">\r\n                    A circa 20 anni dalla loro nascita le Bonelle incominciano a diffondersi in tutta Italia, grazie alla loro elevata qualit\u00e0 e bont\u00e0.                <\/div>\r\n\r\n            <\/div>\r\n\r\n        <\/div>\r\n\r\n    <\/div>\r\n\r\n<\/div>    <div class=\"story-section pos-sx\" style=\"z-index: 6;\">\r\n\r\n    <div class=\"path-top\"><\/div>\r\n    <div class=\"path-bottom\"><\/div>\r\n\r\n    <div class=\"container\">\r\n\r\n        <div class=\"image\">\r\n\r\n            <div class=\"img\">\r\n                <img decoding=\"async\" src=\"\/wp-content\/uploads\/2021\/04\/storia-step-4.png\" alt=\"\">\r\n            <\/div>\r\n\r\n        <\/div>\r\n        <div class=\"year\">\r\n            <span>2000<br>2009<\/span>\r\n        <\/div>\r\n        <div class=\"desc\">\r\n\r\n            <div class=\"info\">\r\n\r\n                <div class=\"title\">\r\n                    ALLA CONQUISTA DEL MONDO                 <\/div>\r\n                <div class=\"text\">\r\n                    Mentre si consolida la distribuzione di Bonelle in Italia e all\u2019estero, nascono le Bonelle alla Liquirizia, un prodotto unico e goloso.                <\/div>\r\n\r\n            <\/div>\r\n\r\n        <\/div>\r\n\r\n\r\n    <\/div>\r\n\r\n<\/div>    <div class=\"story-section pos-dx\" style=\"z-index: 5;\">\r\n\r\n    <div class=\"path-top\"><\/div>\r\n    <div class=\"path-bottom\"><\/div>\r\n\r\n    <div class=\"container\">\r\n\r\n        <div class=\"image\">\r\n\r\n            <div class=\"img\">\r\n                <img decoding=\"async\" src=\"\/wp-content\/uploads\/2021\/04\/storia-step-5.png\" alt=\"\">\r\n            <\/div>\r\n\r\n        <\/div>\r\n        <div class=\"year\">\r\n            <span>2010<br>2018<\/span>\r\n        <\/div>\r\n        <div class=\"desc\">\r\n\r\n            <div class=\"info\">\r\n\r\n                <div class=\"title\">\r\n                    NASCONO NUOVI GUSTI                <\/div>\r\n                <div class=\"text\">\r\n                    Nascono nuovi gusti e formati come le Bonelle ai gusti Frutti di Bosco. Nel frattempo, a tutta la linea delle gel\u00e9es Bonelle vengono assegnate le certificazioni Vegan e Halal, che sottolineano la genuinit\u00e0 di un prodotto che pu\u00f2 essere consumato da tutti!                <\/div>\r\n\r\n            <\/div>\r\n\r\n        <\/div>\r\n\r\n    <\/div>\r\n\r\n<\/div>    <div class=\"story-section pos-sx\" style=\"z-index: 4;\">\r\n\r\n    <div class=\"path-top\"><\/div>\r\n    <div class=\"path-bottom\"><\/div>\r\n\r\n    <div class=\"container\">\r\n\r\n        <div class=\"image\">\r\n\r\n            <div class=\"img\">\r\n                <img decoding=\"async\" src=\"\/wp-content\/uploads\/2021\/04\/storia-step-6.png\" alt=\"\">\r\n            <\/div>\r\n\r\n        <\/div>\r\n        <div class=\"year\">\r\n            <span>2019<\/span>\r\n        <\/div>\r\n        <div class=\"desc\">\r\n\r\n            <div class=\"info\">\r\n\r\n                <div class=\"title\">\r\n                    UNA NUOVA IMMAGINE                <\/div>\r\n                <div class=\"text\">\r\n                    Le Bonelle si rifanno il look! Tutta la gamma Bonelle Gel\u00e9es \u00e8 stata rinnovata: colore, pulizia e freschezza per rappresentare al meglio la bont\u00e0 delle caramelle.                <\/div>\r\n\r\n            <\/div>\r\n\r\n        <\/div>\r\n\r\n\r\n    <\/div>\r\n\r\n<\/div>    <div class=\"story-section pos-dx\" style=\"z-index: 3;\">\r\n\r\n    <div class=\"path-top\"><\/div>\r\n    <div class=\"path-bottom\"><\/div>\r\n\r\n    <div class=\"container\">\r\n\r\n        <div class=\"image\">\r\n\r\n            <div class=\"img\">\r\n                <img decoding=\"async\" src=\"\/wp-content\/uploads\/2021\/04\/storia-step-7.png\" alt=\"\">\r\n            <\/div>\r\n\r\n        <\/div>\r\n        <div class=\"year\">\r\n            <span>2020<\/span>\r\n        <\/div>\r\n        <div class=\"desc\">\r\n\r\n            <div class=\"info\">\r\n\r\n                <div class=\"title\">\r\n                    ARRIVANO LE TOFFEE                <\/div>\r\n                <div class=\"text\">\r\n                    C\u2019\u00e8 una nuova morbidezza... tutta da scoprire!<br>\r\nDa oggi Bonelle non \u00e8 pi\u00f9 solo gel\u00e9es, ma un nuovo mondo di gusto e morbidezza in tre golose varianti di gusto:<br>\r\nLatte, Liquirizia e MentaLiquirizia!<br>\r\n\u00a0                <\/div>\r\n\r\n            <\/div>\r\n\r\n        <\/div>\r\n\r\n    <\/div>\r\n\r\n<\/div>\r\n\r\n<div class=\"story-section pos-sx\" style=\"z-index: 2;\">\r\n\r\n    <div class=\"path-top\"><\/div>\r\n    <div class=\"path-bottom\"><\/div>\r\n\r\n    <div class=\"container\">\r\n\r\n        <div class=\"image\">\r\n\r\n            <div class=\"img\">\r\n                <img decoding=\"async\" src=\"\/wp-content\/uploads\/2022\/02\/storia-step-8.png\" alt=\"\">\r\n            <\/div>\r\n\r\n        <\/div>\r\n        <div class=\"year\">\r\n            <span>2021<\/span>\r\n        <\/div>\r\n        <div class=\"desc\">\r\n\r\n            <div class=\"info\">\r\n\r\n                <div class=\"title\">\r\n                    Bonelle That's Amore!               <\/div>\r\n                <div class=\"text\">\r\n                    Dall'esperienza e qualit\u00e0 del brand Bonelle, nasce la nuova linea di gel\u00e9es scartate ai gusti frutta dal nome \"Bonelle That's Amore\", con sei differenti gusti: Ananas - Mango - Pesca, e Arancia \u2013 Fragola - Limone.              <\/div>\r\n\r\n            <\/div>\r\n\r\n        <\/div>\r\n\r\n\r\n    <\/div>\r\n\r\n<\/div>  \r\n\r\n<div class=\"story-section pos-dx\" style=\"z-index: 1;\">\r\n\r\n    <div class=\"path-top\"><\/div>\r\n    <div class=\"path-bottom\"><\/div>\r\n\r\n    <div class=\"container\">\r\n\r\n        <div class=\"image\">\r\n\r\n            <div class=\"img\">\r\n                <img decoding=\"async\" src=\"\/wp-content\/uploads\/2022\/05\/storia-step-9.png\" alt=\"\">\r\n            <\/div>\r\n\r\n        <\/div>\r\n        <div class=\"year\">\r\n            <span>2022<\/span>\r\n        <\/div>\r\n        <div class=\"desc\">\r\n\r\n            <div class=\"info\">\r\n\r\n                <div class=\"title\">\r\n                    Bonelle Lemon Ginger!              <\/div>\r\n                <div class=\"text\">\r\n            The freshness of lemon juice and the slightly spicy notes of ginger are the basis of the new Bonelle Limone Zenzero. An explosion of taste and joy designed for those looking for a fresh and intense flavor.       <\/div>\r\n\r\n            <\/div>\r\n\r\n        <\/div>\r\n\r\n\r\n    <\/div>\r\n\r\n<\/div>  \r\n\r\n\r\n\r\n\r\n    <\/div>\r\n\r\n<\/div><\/div><\/div><\/div><\/div>\n","protected":false},"excerpt":{"rendered":"","protected":false},"author":9,"featured_media":0,"parent":0,"menu_order":0,"comment_status":"closed","ping_status":"closed","template":"100-width.php","meta":{"inline_featured_image":false,"footnotes":""},"class_list":["post-360","page","type-page","status-publish","hentry"],"yoast_head":"<!-- This site is optimized with the Yoast SEO plugin v27.5 - https:\/\/yoast.com\/product\/yoast-seo-wordpress\/ -->\n<title>Our Story - Bonelle<\/title>\n<meta name=\"robots\" content=\"index, follow, max-snippet:-1, max-image-preview:large, max-video-preview:-1\" \/>\n<link rel=\"canonical\" href=\"https:\/\/www.bonelle.it\/la-storia\/\" \/>\n<meta property=\"og:locale\" content=\"en_US\" \/>\n<meta property=\"og:type\" content=\"article\" \/>\n<meta property=\"og:title\" content=\"Our Story - Bonelle\" \/>\n<meta property=\"og:url\" content=\"https:\/\/www.bonelle.it\/la-storia\/\" \/>\n<meta property=\"og:site_name\" content=\"Bonelle\" \/>\n<meta property=\"article:modified_time\" content=\"2022-05-16T13:54:15+00:00\" \/>\n<meta name=\"twitter:card\" content=\"summary_large_image\" \/>\n<meta name=\"twitter:label1\" content=\"Est. reading time\" \/>\n\t<meta name=\"twitter:data1\" content=\"8 minutes\" \/>\n<script type=\"application\/ld+json\" class=\"yoast-schema-graph\">{\"@context\":\"https:\\\/\\\/schema.org\",\"@graph\":[{\"@type\":\"WebPage\",\"@id\":\"https:\\\/\\\/www.bonelle.it\\\/la-storia\\\/\",\"url\":\"https:\\\/\\\/www.bonelle.it\\\/la-storia\\\/\",\"name\":\"Our Story - Bonelle\",\"isPartOf\":{\"@id\":\"https:\\\/\\\/www.bonelle.it\\\/#website\"},\"datePublished\":\"2021-04-20T19:31:13+00:00\",\"dateModified\":\"2022-05-16T13:54:15+00:00\",\"breadcrumb\":{\"@id\":\"https:\\\/\\\/www.bonelle.it\\\/la-storia\\\/#breadcrumb\"},\"inLanguage\":\"en-US\",\"potentialAction\":[{\"@type\":\"ReadAction\",\"target\":[\"https:\\\/\\\/www.bonelle.it\\\/la-storia\\\/\"]}]},{\"@type\":\"BreadcrumbList\",\"@id\":\"https:\\\/\\\/www.bonelle.it\\\/la-storia\\\/#breadcrumb\",\"itemListElement\":[{\"@type\":\"ListItem\",\"position\":1,\"name\":\"Home\",\"item\":\"https:\\\/\\\/www.bonelle.it\\\/en\\\/\"},{\"@type\":\"ListItem\",\"position\":2,\"name\":\"Our Story\"}]},{\"@type\":\"WebSite\",\"@id\":\"https:\\\/\\\/www.bonelle.it\\\/#website\",\"url\":\"https:\\\/\\\/www.bonelle.it\\\/\",\"name\":\"Bonelle\",\"description\":\"Caramelle Bonelle\",\"potentialAction\":[{\"@type\":\"SearchAction\",\"target\":{\"@type\":\"EntryPoint\",\"urlTemplate\":\"https:\\\/\\\/www.bonelle.it\\\/?s={search_term_string}\"},\"query-input\":{\"@type\":\"PropertyValueSpecification\",\"valueRequired\":true,\"valueName\":\"search_term_string\"}}],\"inLanguage\":\"en-US\"}]}<\/script>\n<!-- \/ Yoast SEO plugin. -->","yoast_head_json":{"title":"Our Story - Bonelle","robots":{"index":"index","follow":"follow","max-snippet":"max-snippet:-1","max-image-preview":"max-image-preview:large","max-video-preview":"max-video-preview:-1"},"canonical":"https:\/\/www.bonelle.it\/la-storia\/","og_locale":"en_US","og_type":"article","og_title":"Our Story - Bonelle","og_url":"https:\/\/www.bonelle.it\/la-storia\/","og_site_name":"Bonelle","article_modified_time":"2022-05-16T13:54:15+00:00","twitter_card":"summary_large_image","twitter_misc":{"Est. reading time":"8 minutes"},"schema":{"@context":"https:\/\/schema.org","@graph":[{"@type":"WebPage","@id":"https:\/\/www.bonelle.it\/la-storia\/","url":"https:\/\/www.bonelle.it\/la-storia\/","name":"Our Story - Bonelle","isPartOf":{"@id":"https:\/\/www.bonelle.it\/#website"},"datePublished":"2021-04-20T19:31:13+00:00","dateModified":"2022-05-16T13:54:15+00:00","breadcrumb":{"@id":"https:\/\/www.bonelle.it\/la-storia\/#breadcrumb"},"inLanguage":"en-US","potentialAction":[{"@type":"ReadAction","target":["https:\/\/www.bonelle.it\/la-storia\/"]}]},{"@type":"BreadcrumbList","@id":"https:\/\/www.bonelle.it\/la-storia\/#breadcrumb","itemListElement":[{"@type":"ListItem","position":1,"name":"Home","item":"https:\/\/www.bonelle.it\/en\/"},{"@type":"ListItem","position":2,"name":"Our Story"}]},{"@type":"WebSite","@id":"https:\/\/www.bonelle.it\/#website","url":"https:\/\/www.bonelle.it\/","name":"Bonelle","description":"Caramelle Bonelle","potentialAction":[{"@type":"SearchAction","target":{"@type":"EntryPoint","urlTemplate":"https:\/\/www.bonelle.it\/?s={search_term_string}"},"query-input":{"@type":"PropertyValueSpecification","valueRequired":true,"valueName":"search_term_string"}}],"inLanguage":"en-US"}]}},"_links":{"self":[{"href":"https:\/\/www.bonelle.it\/en\/wp-json\/wp\/v2\/pages\/360","targetHints":{"allow":["GET"]}}],"collection":[{"href":"https:\/\/www.bonelle.it\/en\/wp-json\/wp\/v2\/pages"}],"about":[{"href":"https:\/\/www.bonelle.it\/en\/wp-json\/wp\/v2\/types\/page"}],"author":[{"embeddable":true,"href":"https:\/\/www.bonelle.it\/en\/wp-json\/wp\/v2\/users\/9"}],"replies":[{"embeddable":true,"href":"https:\/\/www.bonelle.it\/en\/wp-json\/wp\/v2\/comments?post=360"}],"version-history":[{"count":18,"href":"https:\/\/www.bonelle.it\/en\/wp-json\/wp\/v2\/pages\/360\/revisions"}],"predecessor-version":[{"id":945,"href":"https:\/\/www.bonelle.it\/en\/wp-json\/wp\/v2\/pages\/360\/revisions\/945"}],"wp:attachment":[{"href":"https:\/\/www.bonelle.it\/en\/wp-json\/wp\/v2\/media?parent=360"}],"curies":[{"name":"wp","href":"https:\/\/api.w.org\/{rel}","templated":true}]}}